{"id":5,"date":"2015-04-25T13:02:22","date_gmt":"2015-04-21T12:19:57","guid":{"rendered":"http:\/\/carducciarbitration.com\/site\/01\/?page_id=5"},"modified":"2026-02-23T17:36:46","modified_gmt":"2026-02-23T16:36:46","slug":"introduction-concept-languages","status":"publish","type":"page","link":"https:\/\/carducciarbitration.com\/site\/01\/","title":{"rendered":"Introduction"},"content":{"rendered":"\n<figure class=\"wp-block-pullquote is-style-default\"><blockquote><p><strong>Combining academic, international and intergovernmental experiences in preventing and resolving international disputes <div class=\"separator  transparent center  \" style=\"margin-top:0px;margin-bottom:30px;\"><\/div>\n<\/strong><\/p><\/blockquote><\/figure>\n\n\n<div class=\"separator  transparent center  \" style=\"margin-top:10px;margin-bottom:10px;\"><\/div>\n\n\n\n\n<h2>Law Professor and Attorney-at-Law (Paris-Rome)<div class=\"separator  transparent center  \" style=\"margin-top:14px;margin-bottom:8px;\"><\/div>\n<\/h2>\n\n\n\n<h2>Chartered Arbitrator (FCIArb), Former International Tenant and Arbitrator, 4-5 Gray&#8217;s Inn Square (London) <\/h2>\n\n\n\n<p><\/p>\n\n\n\n<h2><div class=\"separator  transparent center  \" style=\"margin-top:8px;margin-bottom:8px;\"><\/div>\nFormer Chief, International Standards Section, UNESCO (HQ Paris, 192 Member States)&nbsp;<div class=\"separator  transparent center  \" style=\"margin-top:8px;margin-bottom:8px;\"><\/div>\n<\/h2>\n\n\n\n<p><\/p>\n\n\n\n<h2>Acts as Arbitrator, Legal Counsel and Expert in: <div class=\"separator  transparent center  \" style=\"margin-top:8px;margin-bottom:8px;\"><\/div>\n i) Commercial, Construction, Energy, Investment, Treaty,  Sports, Law <div class=\"separator  transparent center  \" style=\"margin-top:8px;margin-bottom:8px;\"><\/div>\n<\/h2>\n\n\n\n<h2>ii) Art Law and Restitution Claims, UNESCO Conventions (visit <a href=\"http:\/\/www.carducciartlaw.com\">carducciartlaw.com<\/a>)<div class=\"separator  transparent center  \" style=\"margin-top:8px;margin-bottom:8px;\"><\/div>\n<\/h2>\n\n\n\n<h2>iii) International Law (Public, Economic, Private), EU, French and Italian Law <div class=\"separator  transparent center  \" style=\"margin-top:8px;margin-bottom:15px;\"><\/div>\n <\/h2>\n\n\n\n<h2>Fluent and works in English, French, Spanish, German, Italian <div class=\"separator  transparent center  \" style=\"margin-top:5px;margin-bottom:5px;\"><\/div>\n <\/h2>\n\n\n\n<h2>Former Mediator between the United Kingdom and Greece in the Dispute for the Return of the Parthenon Marbles in the British Museum<div class=\"separator  transparent center  \" style=\"margin-top:5px;margin-bottom:5px;\"><\/div>\n Member of  three ICC Commissions: Arbitration and ADR &#8211; Commercial Law &#8211; Competition <div class=\"separator  transparent center  \" style=\"margin-top:5px;margin-bottom:5px;\"><\/div>\n<\/h2>\n\n\n\n<h2>CIAM &#8211; CIAR (Madrid International and Interamerican Arbitration Center) : Co-Chair of the \u201cArbitration with States and Investments\u201d Working Group<div class=\"separator  transparent center  \" style=\"margin-top:5px;margin-bottom:5px;\"><\/div>\n<\/h2>\n\n\n\n<h2>American Bar Association (ABA): Former Vice-Chair, International Arbitration and International Litigation Committees <div class=\"separator  transparent center  \" style=\"margin-top:5px;margin-bottom:5px;\"><\/div>\n<\/h2>\n\n\n\n<h2>Panels of Arbitrators: ICDR, CIArb, WIPO, JCAA, HKIAC, BVI, CMAP. Formerly ICSID, SIAC, CAS Panels<div class=\"separator  transparent center  \" style=\"margin-top:5px;margin-bottom:5px;\"><\/div>\n<\/h2>\n\n\n\n<h2>Recognized in The Legal 500 : Dispute Resolution <div class=\"separator  transparent center  \" style=\"margin-top:2px;margin-bottom:2px;\"><\/div>\n<\/h2>\n\n\n\n<h2>Publications: 55 Articles in Law Journals and 2 Monographs:<\/h2>\n\n\n\n<h2>Arbitration in France: Law and Practice (forthcoming Oxford University Press)<br>International Art Restitution Claims (LGDJ Paris)<div class=\"separator  transparent center  \" style=\"margin-top:5px;margin-bottom:5px;\"><\/div>\n<\/h2>\n\n\n\n<h2>Ph.D. in International Law (Paris II) &#8211; Ph.D. in Comparative Contract Law (Rome I) &#8211; Diploma, The Hague Academy of International Law<\/h2>\n\n\n\n<p><\/p>\n\n\n<div  class=\"vc_row wpb_row vc_row-fluid\" style=\"text-align:left;\"><\/div>\n\t<div class=\"vc_col-sm-12 wpb_column vc_column_container \">\n\t\t<div class=\"wpb_wrapper\">\n\t\t\t\n\t\t<\/div> \n\t<\/div> \n\n\t<div class=\"wpb_text_column wpb_content_element \">\n\t\t<div class=\"wpb_wrapper\">\n\t\t\t<h2>\u00a0<\/h2>\n\n\t\t<\/div> \n\t<\/div> <div class=\"vc_empty_space\"  style=\"height: 40px\" ><span class=\"vc_empty_space_inner\"><\/span><\/div>\n\n\n\t<div class=\"wpb_text_column wpb_content_element \">\n\t\t<div class=\"wpb_wrapper\">\n\t\t\t\n\t\t<\/div> \n\t<\/div> \n<p><span lang=\"en-GB\"><span class='dropcap square' style='background-color: #f54325; color: #ffffff;'>Dr.<\/span><\/span><\/p>\n<h3>Guido Carducci was Chief of the International Standards Section at UNESCO (Paris Headquarters) in charge of international standard-setting, the intergovernmental elaboration of international law and its implementation in (192) Member States, and of UNESCO Conventions on art, cultural property and heritage<\/h3>\n<div class=\"separator  transparent center  \" style=\"margin-top:10px;margin-bottom:10px;\"><\/div>\n\n<h3>Experience and expertise include:<\/h3>\n<div class=\"separator  transparent center  \" style=\"margin-top:10px;margin-bottom:10px;\"><\/div>\n\n<h3>i) in International Law:<div class=\"separator  transparent center  \" style=\"margin-top:5px;margin-bottom:5px;\"><\/div>\n<\/h3>\n<h3>Former Chief, International Standards Section, UNESCO HQ Paris. Mediator between the UK and Greek Governments concerning the claim for the return of the Parthenon Marbles in the British Museum. Italian Delegate in treaty-making. Ph.D. Diploma Hague Academy of International Law. Regular Speaker in Conferences<\/h3>\n<div class=\"separator  transparent center  \" style=\"margin-top:10px;margin-bottom:10px;\"><\/div>\n\n<h3>ii) in International Arbitration, Comparative Conflict of Laws, International Business Law:<\/h3>\n<h3><div class=\"separator  transparent center  \" style=\"margin-top:5px;margin-bottom:5px;\"><\/div>\n<\/h3>\n<h3>Arbitrator, Expert Witness and Counsel<\/h3>\n<h3>Law Professor in Paris. Former Visiting Professor at the Universities of Miami, Hong Kong, Rome (Luiss), Madrid (IE), Thessaloniki (IHU)<\/h3>\n<h3>Member of 3 ICC Commissions: Arbitration and ADR, Competition, Commercial Law. Chartered Arbitrator, Fellow and Faculty of the Chartered Institute of Arbitrators. Regular Speaker. Experience in treaty-making at the Hague Conference of Private International Law and UNIDROIT<\/h3>\n<div class=\"separator  transparent center  \" style=\"margin-top:10px;margin-bottom:10px;\"><\/div>\n\n<h3>iii) in EU Law:<\/h3>\n<h3><div class=\"separator  transparent center  \" style=\"margin-top:5px;margin-bottom:5px;\"><\/div>\n<\/h3>\n<h3>Law Professor. EU Expert for the Elaboration of EU Regulation N.650\/2012 on International Successions. EU Parliament Expert on art law and return of looted art. Author-Team Leader EU\/Italian Competition Law in ICC Compendium of Antitrust Damages Actions<\/h3>\n<div class=\"separator  transparent center  \" style=\"margin-top:10px;margin-bottom:10px;\"><\/div>\n\n<h3>iv) in French Law:<\/h3>\n<h3><div class=\"separator  transparent center  \" style=\"margin-top:5px;margin-bottom:5px;\"><\/div>\n<\/h3>\n<h3>Law Professor in French and EU contract, commercial, company, conflict of laws, international business and arbitration law (<em>Ma\u00eetre de Conf\u00e9rences des Facult\u00e9s de droit<\/em>, Paris). Ph.D (Docteur en droit, Univ. Paris II). Post-graduate specialisations (DEAs) in commercial law &#8211; EU law &#8211; private and public international law. Full French legal education. Eligible for membership in the Paris Bar (currently not <em>Avocat \u00e0 la Cour<\/em>)<\/h3>\n<div class=\"separator  transparent center  \" style=\"margin-top:10px;margin-bottom:10px;\"><\/div>\n\n<h3>v) in Italian Law:<\/h3>\n<h3><div class=\"separator  transparent center  \" style=\"margin-top:5px;margin-bottom:5px;\"><\/div>\n<\/h3>\n<h3>Attorney-at-Law in Rome (<em>Avvocato<\/em>) admitted also before Supreme Courts (<em>Patrocinante in Cassazione<\/em>), Ph.D. (<em>Dottore di Ricerca<\/em> University Rome I). Full Italian legal education<\/h3>\n<div class=\"separator  transparent center  \" style=\"margin-top:10px;margin-bottom:10px;\"><\/div>\n\n<h3>vi) in English Law:<\/h3>\n<h3><div class=\"separator  transparent center  \" style=\"margin-top:5px;margin-bottom:5px;\"><\/div>\n<\/h3>\n<h3>Former International Tenant and Arbitrator 4-5 Gray&#8217;s Inn Square, London. Registered European Lawyer in England and Wales until Brexit. Lecturer, Comparative Business Law &#8211; including English Law &#8211; course (2015-2022)<\/h3>\n<div class=\"separator  transparent center  \" style=\"margin-top:10px;margin-bottom:10px;\"><\/div>\n\n<h3>vii) Activities related to U.S. Law:<\/h3>\n<h3><div class=\"separator  transparent center  \" style=\"margin-top:5px;margin-bottom:5px;\"><\/div>\n<\/h3>\n<h3>ICDR Panel of Arbitrators, Former Visiting Professor University of Miami, American Bar Association (ABA): i) Former Vice-Chair International Arbitration and Litigation Committees; ii) Observer \u201cUniform Commercial Code and Emerging Technologies Committee\u201d Uniform Law Commission. Lecturer, Comparative Business Law &#8211; including US Law &#8211; course (2015-2022)<\/h3>\n<h3 style=\"text-align: justify;\"><div class=\"separator  transparent center  \" style=\"margin-top:10px;margin-bottom:10px;\"><\/div>\n<\/h3>\n\n\n<p><\/p>\n","protected":false},"excerpt":{"rendered":"<p>Combining academic, international and intergovernmental experiences in preventing and resolving international disputes Law Professor and Attorney-at-Law (Paris-Rome) Chartered Arbitrator (FCIArb), Former International Tenant and Arbitrator, 4-5 Gray&#8217;s Inn Square (London) Former Chief, International Standards Section, UNESCO (HQ Paris, 192 Member States)&nbsp; Acts as Arbitrator, Legal&#8230;<\/p>\n","protected":false},"author":1,"featured_media":0,"parent":0,"menu_order":0,"comment_status":"closed","ping_status":"closed","template":"","meta":[],"categories":[],"tags":[],"_links":{"self":[{"href":"https:\/\/carducciarbitration.com\/site\/01\/wp-json\/wp\/v2\/pages\/5"}],"collection":[{"href":"https:\/\/carducciarbitration.com\/site\/01\/wp-json\/wp\/v2\/pages"}],"about":[{"href":"https:\/\/carducciarbitration.com\/site\/01\/wp-json\/wp\/v2\/types\/page"}],"author":[{"embeddable":true,"href":"https:\/\/carducciarbitration.com\/site\/01\/wp-json\/wp\/v2\/users\/1"}],"replies":[{"embeddable":true,"href":"https:\/\/carducciarbitration.com\/site\/01\/wp-json\/wp\/v2\/comments?post=5"}],"version-history":[{"count":331,"href":"https:\/\/carducciarbitration.com\/site\/01\/wp-json\/wp\/v2\/pages\/5\/revisions"}],"predecessor-version":[{"id":2191,"href":"https:\/\/carducciarbitration.com\/site\/01\/wp-json\/wp\/v2\/pages\/5\/revisions\/2191"}],"wp:attachment":[{"href":"https:\/\/carducciarbitration.com\/site\/01\/wp-json\/wp\/v2\/media?parent=5"}],"wp:term":[{"taxonomy":"category","embeddable":true,"href":"https:\/\/carducciarbitration.com\/site\/01\/wp-json\/wp\/v2\/categories?post=5"},{"taxonomy":"post_tag","embeddable":true,"href":"https:\/\/carducciarbitration.com\/site\/01\/wp-json\/wp\/v2\/tags?post=5"}],"curies":[{"name":"wp","href":"https:\/\/api.w.org\/{rel}","templated":true}]}}