{"id":1863,"date":"2022-10-16T19:37:57","date_gmt":"2022-10-16T18:37:57","guid":{"rendered":"http:\/\/carducciarbitration.com\/site\/01\/?page_id=1863"},"modified":"2022-10-16T20:13:32","modified_gmt":"2022-10-16T19:13:32","slug":"10-articles-on-contract-commercial-company-law","status":"publish","type":"page","link":"https:\/\/carducciarbitration.com\/site\/01\/10-articles-on-contract-commercial-company-law\/","title":{"rendered":"10 Articles on Contract, Commercial, Company, Arbitration (Domestic), Law"},"content":{"rendered":"\n<h2>Articles in Law Journals (Chronological Order)<\/h2>\n\n\n\n<p><\/p>\n\n\n\n\t<div class=\"wpb_text_column wpb_content_element \">\n\t\t<div class=\"wpb_wrapper\">\n\t\t\t<div class=\"separator  normal center  \" style=\"margin-top:15px;margin-bottom:15px;\"><\/div>\n\n<p>16)<strong> Mandatory&nbsp;Rules, Court Litigation and Arbitration (Domestic and International Disputes)<\/strong><\/p>\n<p>Published (in English) in: New York Dispute Resolution Lawyer, 2021, p.87<\/p>\n<div class=\"separator  normal center  \" style=\"margin-top:15px;margin-bottom:10px;\"><\/div>\n\n<p>15) <span style=\"color: #333333;\"><strong>Managing and Renting a Business (<em>Fonds de commerce)&nbsp;<\/em>in French Commercial Law: Legal Nature, General Legal Regime, Conclusion of Contract<\/strong><\/span><br \/>\nPublished (in French) in : Juris-Classeur, Droit Commercial, 2021, Fascicule 1480, 29 pages<\/p>\n<div class=\"separator  normal center  \" style=\"margin-top:15px;margin-bottom:10px;\"><\/div>\n\n<p>14) <span style=\"color: #333333;\"><strong>Managing and Renting a Business (<em>Fonds de commerce)&nbsp;<\/em>in French Commercial Law: Legal Effects<\/strong><\/span><br \/>\nPublished (in French) in : Juris-Classeur, Droit Commercial, 2020, Fascicule 1485, 44 pages<\/p>\n<div class=\"separator  normal center  \" style=\"margin-top:15px;margin-bottom:10px;\"><\/div>\n\n<p>13)&nbsp;<strong>Multilingual Arbitrations: Optimizing Parties\u2019 Agreements, Scope, Costs, Award-making<\/strong><\/p>\n<p>Published (in English) in: New York Dispute Resolution Lawyer, 2018, Vol.I, p.31<\/p>\n<div class=\"separator  normal center  \" style=\"margin-top:15px;margin-bottom:10px;\"><\/div>\n\n<p>12) <span style=\"color: #333333;\"><strong>Remarks on the Juridical Nature of Arbitration in French and Italian Arbitration Law<\/strong><\/span><strong> after <em>Corte di cassazione<\/em> 8 October 2013<\/strong><br \/>\nPublished (in French) in: Revue de l\u2019arbitrage, 2015, p.193-211<\/p>\n<div class=\"separator  normal center  \" style=\"margin-top:15px;margin-bottom:10px;\"><\/div>\n\n<p>11)&nbsp;<strong>Agreements and Relationships between Companies within the Holding and Corporate Group in Italian Company Law<\/strong><\/p>\n<p>Published (in French) in: Actes pratiques et ing\u00e9nierie soci\u00e9taire, Paris, 2015, p.10<\/p>\n<div class=\"separator  normal center  \" style=\"margin-top:15px;margin-bottom:10px;\"><\/div>\n\n<p>10)&nbsp;<strong>Law, Art Market and Hopi Masks<\/strong>,<\/p>\n<p>Published (in French) in: Semaine Juridique (G), n.52, 2013<\/p>\n<div class=\"separator  normal center  \" style=\"margin-top:15px;margin-bottom:10px;\"><\/div>\n\n<p>9) <span style=\"color: #333333;\"><strong>On Interests at Law and Conflicts of Interests in French and Italian Law of Agency, Corporations and Insider Trading<\/strong><\/span><br \/>\nPublished (in French) in: Conflits d\u2019int\u00e9r\u00eats&nbsp;: fonction et ma\u00eetrise, Centre fran\u00e7ais droit compar\u00e9, Soci\u00e9t\u00e9 de l\u00e9gislation compar\u00e9e, Paris, 2013, p.55-96<\/p>\n<div class=\"separator  normal center  \" style=\"margin-top:15px;margin-bottom:10px;\"><\/div>\n\n<p>8) <span style=\"color: #333333;\"><strong>The Importance of Legal Context and Other Considerations in Assessing the Suitability of Mediation, Arbitration and Litigation in Resolving Effectively Domestic and International Disputes (Employment Disputes and Beyond)<\/strong>, (Cambridge Conference organized by NYU, St John\u2019s University, American Arbitration Association)<\/span><br \/>\nPublished (in English) in: St John\u2019s Law Review, 2013, p.511-541<\/p>\n<div class=\"separator  normal center  \" style=\"margin-top:15px;margin-bottom:10px;\"><\/div>\n\n<p>7) <strong><span style=\"color: #333333;\">The Arbitration Reform in France: Domestic and International Arbitration<\/span><\/strong><br \/>\nPublished (in English) in: Arbitration International 2012, N\u00b0I, p.125<\/p>\n<div class=\"separator  normal center  \" style=\"margin-top:15px;margin-bottom:10px;\"><\/div>\n\n<p>6)&nbsp; <span style=\"color: #333333;\"><strong>Denouncing: Duty or Right in Criminal and Private Law? a France-Italy Comparison,<\/strong><\/span><br \/>\nPublished (in French) in&nbsp;: D\u00e9nonciation: droit ou devoir ?, Soci\u00e9t\u00e9 de legislation compar\u00e9e and Minist\u00e8re de la justice, Paris 2011, 137-152<\/p>\n<div class=\"separator  normal center  \" style=\"margin-top:15px;margin-bottom:10px;\"><\/div>\n\n<p>5) <span style=\"color: #333333;\"><strong>Corporate Governance in Italian Company Law<\/strong><\/span><br \/>\nPublished (in French) in : L&#8217;administrateur ind\u00e9pendant, Soc. l\u00e9gislation compar\u00e9e and Minist\u00e8re de la justice, 2010 p.112<\/p>\n<div class=\"separator  normal center  \" style=\"margin-top:15px;margin-bottom:10px;\"><\/div>\n\n<p>4) <span style=\"color: #333333;\"><strong>Rituals and the Law<\/strong><\/span> (Domestic and International Law)<br \/>\nPublished (in German) in : Zeitschrift Paragrana (Internationale Zeitschrift f\u00fcr Historische Anthropologie) 2005<\/p>\n<div class=\"separator  normal center  \" style=\"margin-top:15px;margin-bottom:10px;\"><\/div>\n<br \/>\n3) <span style=\"color: #333333;\"><strong>Managing and Renting a Business&nbsp;and&nbsp;a&nbsp;<em>Fonds de commerce<\/em> in French Commercial Law<\/strong><\/span> (coauthored with Prof. M.J.Campana),<br \/>\nPublished (in French) in : Juris-Classeur, Droit Commercial, 2004, 52 pages<\/p>\n<div class=\"separator  normal center  \" style=\"margin-top:15px;margin-bottom:10px;\"><\/div>\n<br \/>\n2)&nbsp; <span style=\"color: #333333;\"><strong>The Crucial Compromise on Salvage Law and the Law of Finds<\/strong><\/span><br \/>\nPublished (in English) in: The Protection of the Underwater Cultural Heritage (Before and After the 2001 UNESCO Convention), Nijhoff 2003, p.193-206<\/p>\n<div class=\"separator  normal center  \" style=\"margin-top:15px;margin-bottom:10px;\"><\/div>\n\n<p>1)&nbsp; <span style=\"color: #333333;\"><strong>Consumer Protection and Judge-made Substitution of Legal Grounds to Indemnity Claims<\/strong><\/span><br \/>\nPublished (in French) in:&nbsp; S\u00e9maine Juridique, Ed. G., 1998, II 10156<\/p>\n\n\t\t<\/div> \n\t<\/div> \n\n\n\n<div class=\"separator  normal center  \" style=\"\"><\/div>\n<div class=\"vc_empty_space\"  style=\"height: 140px\" ><span class=\"vc_empty_space_inner\"><\/span><\/div>\n\n[\/vc_column][\/vc_row]\n","protected":false},"excerpt":{"rendered":"<p>Articles in Law Journals (Chronological Order) [\/vc_column][\/vc_row]<\/p>\n","protected":false},"author":1,"featured_media":0,"parent":0,"menu_order":0,"comment_status":"closed","ping_status":"closed","template":"","meta":[],"categories":[],"tags":[],"_links":{"self":[{"href":"https:\/\/carducciarbitration.com\/site\/01\/wp-json\/wp\/v2\/pages\/1863"}],"collection":[{"href":"https:\/\/carducciarbitration.com\/site\/01\/wp-json\/wp\/v2\/pages"}],"about":[{"href":"https:\/\/carducciarbitration.com\/site\/01\/wp-json\/wp\/v2\/types\/page"}],"author":[{"embeddable":true,"href":"https:\/\/carducciarbitration.com\/site\/01\/wp-json\/wp\/v2\/users\/1"}],"replies":[{"embeddable":true,"href":"https:\/\/carducciarbitration.com\/site\/01\/wp-json\/wp\/v2\/comments?post=1863"}],"version-history":[{"count":6,"href":"https:\/\/carducciarbitration.com\/site\/01\/wp-json\/wp\/v2\/pages\/1863\/revisions"}],"predecessor-version":[{"id":1872,"href":"https:\/\/carducciarbitration.com\/site\/01\/wp-json\/wp\/v2\/pages\/1863\/revisions\/1872"}],"wp:attachment":[{"href":"https:\/\/carducciarbitration.com\/site\/01\/wp-json\/wp\/v2\/media?parent=1863"}],"wp:term":[{"taxonomy":"category","embeddable":true,"href":"https:\/\/carducciarbitration.com\/site\/01\/wp-json\/wp\/v2\/categories?post=1863"},{"taxonomy":"post_tag","embeddable":true,"href":"https:\/\/carducciarbitration.com\/site\/01\/wp-json\/wp\/v2\/tags?post=1863"}],"curies":[{"name":"wp","href":"https:\/\/api.w.org\/{rel}","templated":true}]}}