{"id":1844,"date":"2022-10-16T18:57:06","date_gmt":"2022-10-16T17:57:06","guid":{"rendered":"http:\/\/carducciarbitration.com\/site\/01\/?page_id=1844"},"modified":"2025-07-22T22:06:44","modified_gmt":"2025-07-22T21:06:44","slug":"25-articles-on-private-and-public-international-law","status":"publish","type":"page","link":"https:\/\/carducciarbitration.com\/site\/01\/25-articles-on-private-and-public-international-law\/","title":{"rendered":"25 Articles on Private and Public International Law"},"content":{"rendered":"\n<h2>Articles in Law Journals and Monographs (Chronological Order)<\/h2>\n\n\n\n<p><\/p>\n\n\n<div class=\"separator  normal center  \" style=\"margin-top:15px;margin-bottom:15px;\"><\/div>\n\n<p>31) <strong><em>Objets d\u2019art<\/em><\/strong><strong> and Cultural Property in Public and Private International Law<\/strong><\/p>\n<p>Published (in French) in: Repertoire Dalloz, Droit international (50 pages), forthcoming <div class=\"separator  normal center  \" style=\"margin-top:15px;margin-bottom:10px;\"><\/div>\n\n<p>30)<strong> National and International Protection of the Cultural and Natural Heritage<\/strong><br \/>\nPublished (in English) in: A Commentary of the 1972 World Heritage Convention, Oxford University Press, 2023 p.98-132 <div class=\"separator  normal center  \" style=\"margin-top:15px;margin-bottom:10px;\"><\/div>\n\n<p>29)<strong> The 1972 World Heritage Convention in the Framework of UNESCO Conventions and of other Conventions on Cultural Heritage<\/strong><br \/>\nPublished (in English) in: A Commentary of the 1972 World Heritage Convention, Oxford University Press, 2023 p.321-334 <div class=\"separator  normal center  \" style=\"margin-top:15px;margin-bottom:10px;\"><\/div>\n\n<p>28) <strong>The Law (National, EU and International) Governing the Coexistence of Legal Systems and International Legal Relationships.&nbsp;Relativity and Critical Analysis of the &#8220;Private and Public International Law&#8221; Terminologies.<strong><\/p>\n<p>Published (in French) : Le Droit des Rapports entre Syst\u00e8mes et des Rapports Juridiques Internationaux. Relativit\u00e9 et Critique des Terminologies &#8220;Droit International Priv\u00e9 et Public.<\/p>\n<p>In Les grandes pages du droit international. Les rapports de syst\u00e8mes, IHEI Paris II, P\u00e9done Paris, 2022 (p.4-104) <div class=\"separator  normal center  \" style=\"margin-top:15px;margin-bottom:10px;\"><\/div>\n\n<p>27) <strong>The Swiss Reform of Private International Law and International Arbitration Law<\/strong><\/p>\n<p>Published (in French) in: Recueil Dalloz, 2021 p.145<\/p>\n<div class=\"separator  normal center  \" style=\"margin-top:15px;margin-bottom:10px;\"><\/div>\n\n<p>26) <strong>Organs of the&nbsp;UNESCO Convention&nbsp;for the Safeguarding of the Intangible Cultural Heritage (Commentary, Articles 4-8)<\/strong><\/p>\n<p>Published (in English) in: The 2003 UNESCO Intangible Heritage Convention. A Commentary, Oxford University Press, 2020, p.134-152<\/p>\n<div class=\"separator  normal center  \" style=\"margin-top:15px;margin-bottom:10px;\"><\/div>\n\n<p>25) <strong>Role of States Parties in the&nbsp;UNESCO Convention&nbsp;for the Safeguarding of the Intangible Cultural Heritage (Commentary, Art.11)<\/strong><\/p>\n<p>Published (in English) in: The 2003 UNESCO Intangible Heritage Convention. A Commentary, Oxford University Press, 2020, p.173-184<\/p>\n<div class=\"separator  normal center  \" style=\"margin-top:15px;margin-bottom:10px;\"><\/div>\n\n<p>24)&nbsp;<strong>The Role of UNESCO in the Elaboration and Implementation of International Art, Cultural Property, and Heritage Law<\/strong><\/p>\n<p>Published (in English) in: Intersections in International Cultural Heritage Law, Oxford University Press, 2020, p.183-201<\/p>\n<div class=\"separator  normal center  \" style=\"margin-top:15px;margin-bottom:10px;\"><\/div>\n\n<p>23)&nbsp;&nbsp;<strong>A State\u2019s Capacity and the EU\u2019s Competence to Conclude a Treaty, Invalidate, Terminate \u2013 and \u2018\u2018Preclude\u2019\u2019 in Achmea \u2013 a Treaty or BIT of Member States, a State\u2019s Consent to be Bound by a Treaty or to Arbitration, under the Law of Treaties and EU Law, and the CJEU\u2019s Decisions on EUSFTA and Achmea.<\/strong><\/p>\n<p><strong>Their Roles and Interactions in Treaty and Investment Arbitration<\/strong><\/p>\n<p>Published (in English) in: ICSID Review, Vol. 33, No. 2 (2018), pp. 582\u2013619<\/p>\n<div class=\"separator  normal center  \" style=\"margin-top:15px;margin-bottom:10px;\"><\/div>\n\n<p>22) <span style=\"color: #333333;\"><strong>Adverse Possession and Prescription, Property, Change of Situs and Transfer of <em>res extra commercium<\/em> in Conflict of Laws: Ordinary Movables and Cultural Property<\/strong><\/span><\/p>\n<p>Published (in French) in: Travaux du Comit\u00e9 fran\u00e7ais de droit international priv\u00e9, Pedone Paris, 2015, p.137-182<\/p>\n<div class=\"separator  normal center  \" style=\"margin-top:15px;margin-bottom:10px;\"><\/div>\n\n<p>21)<span style=\"color: #333333;\"><strong>&nbsp;The Lex Specialis and the Lex Posterior Rules in the Law of Treaties<\/strong><\/span><br \/>\nPublished (in French) in: Conflits horizontaux de normes, Paris 2015, p.177-202<\/p>\n<div class=\"separator  normal center  \" style=\"margin-top:15px;margin-bottom:10px;\"><\/div>\n\n<p>20)&nbsp;<strong>W<\/strong><strong>hat Consideration is Given to Climate and Climate Change in the UNESCO Cultural Heritage and Property Conventions ?<\/strong><\/p>\n<p>Published (in English) in Climate Change as a Threat to Peace, Dresden 2014, p.129-140<\/p>\n<div class=\"separator  normal center  \" style=\"margin-top:15px;margin-bottom:10px;\"><\/div>\n\n<p>19) <span style=\"color: #333333;\"><strong>The New E.U. Regulation 650\/2012 and Its Consequences on International Successions<\/strong><\/span> (Jurisdiction, Applicable Law, Recognition and Enforcement of Judgments, Succession Certificate)<br \/>\nPublished (in French) in: Semaine juridique, G. 2013, p.960<\/p>\n<div class=\"separator  normal center  \" style=\"margin-top:15px;margin-bottom:10px;\"><\/div>\n\n<p>18) <span style=\"color: #333333;\"><strong>The Impact of E.U. Regulation Rome I on International Litigation and Arbitration, A-National Law, Mandatory and Overriding Rules<\/strong><\/span><br \/>\nPublished (in English) in: ICC International Court of Arbitration Bulletin 2011, Vol.II, p.31<\/p>\n<div class=\"separator  normal center  \" style=\"margin-top:15px;margin-bottom:10px;\"><\/div>\n\n17) <span style=\"color: #333333;\"><strong>Arbitration, Anti-suit Injunctions and Lis Pendens under the European Jurisdiction Regulation (44\/2001) and the New York Convention. Notes on West Tankers, the Revision of the Regulation, Perhaps of the Convention<\/strong><\/span><br \/>\nPublished (in English) in: Arbitration International, 2011, N\u00b02, p.171-197<\/p>\n<div class=\"separator  normal center  \" style=\"margin-top:15px;margin-bottom:10px;\"><\/div>\n\n<p>16) <span style=\"color: #333333;\"><strong>Defining Investment in Public and Private International Law and the Scope of I.C.S.I.D., N.A.F.T.A. and Energy Charter Treaty Investment Arbitration<\/strong><\/span><br \/>\nPublished (in English) in: Trends in&nbsp; International Economic Law, Essays Prof.P.Picone, 2011, p.649-673<\/p>\n<div class=\"separator  normal center  \" style=\"margin-top:15px;margin-bottom:10px;\"><\/div>\n\n<p>15) <span style=\"color: #333333;\"><strong>Pillage in International Law<\/strong><\/span><br \/>\nPublished (in English) in: Max Planck Encyclopaedia of Public International Law (Heidelberg, 2009)<\/p>\n<div class=\"separator  normal center  \" style=\"margin-top:15px;margin-bottom:10px;\"><\/div>\n\n14) <span style=\"color: #333333;\"><strong>National and International Protection of the Cultural and Natural Heritage<\/strong><\/span><br \/>\nPublished (in English) in: A Commentary of the 1972 World Heritage Convention, Oxford University Press p.103-146, 2008<\/p>\n<div class=\"separator  normal center  \" style=\"margin-top:15px;margin-bottom:10px;\"><\/div>\n\n13) <span style=\"color: #333333;\"><strong>The 1972 World Heritage Convention in the Framework of other UNESCO Conventions on Cultural Heritage<\/strong><\/span><br \/>\nPublished (in English) in: A Commentary of the 1972 World Heritage Convention, Oxford University Press p.363-376, 2008<\/p>\n<div class=\"separator  normal center  \" style=\"margin-top:15px;margin-bottom:10px;\"><\/div>\n\n12) <span style=\"color: #333333;\"><strong>Implementation of International Treaties at the National Level: Law and Practice<\/strong><\/span><br \/>\nPublished (in English) in : Preventing Looting of Works of Art, Chicago University, 2007<\/p>\n<div class=\"separator  normal center  \" style=\"margin-top:15px;margin-bottom:10px;\"><\/div>\n\n<p>11) <span style=\"color: #333333;\"><strong>Complementarity between the 1970 UNESCO Convention and the 1995 UNIDROIT Convention on Cultural Property<\/strong><\/span><br \/>\nPublished (in French) in : Revue de droit uniforme \/ Uniform Law Review 2006, p.93<\/p>\n<div class=\"separator  normal center  \" style=\"margin-top:15px;margin-bottom:10px;\"><\/div>\n\n10) <span style=\"color: #333333;\"><strong>The Growing Complexity of International Art Law : Conflict of Laws, Uniform Law, Mandatory Rules, UNSC Resolutions and E.U. Regulations<\/strong><\/span><br \/>\nPublished (in English) in: Art and Cultural Heritage: Law, Policy and Practice, Cambridge, 2005, p.68-86<br \/>\n<div class=\"separator  normal center  \" style=\"margin-top:15px;margin-bottom:10px;\"><\/div>\n\n9) <span style=\"color: #333333;\"><strong>Rituals and the Law<\/strong><\/span> (Domestic and International Law)<br \/>\nPublished (in German) in : Zeitschrift Paragrana (Internationale Zeitschrift f\u00fcr Historische Anthropologie) 2005<\/p>\n<div class=\"separator  normal center  \" style=\"margin-top:15px;margin-bottom:10px;\"><\/div>\n\n<p>8)&nbsp; <span style=\"color: #333333;\"><strong>The Crucial Compromise on Salvage Law and the Law of Finds<\/strong><\/span><br \/>\nPublished (in English) in: The Protection of the Underwater Cultural Heritage (Before and After the 2001 UNESCO Convention), Nijhoff 2003, p.193-206<\/p>\n<div class=\"separator  normal center  \" style=\"margin-top:15px;margin-bottom:10px;\"><\/div>\n\n7) <span style=\"color: #333333;\"><strong>The Expanding Protection of the Underwater Cultural Heritage : the New UNESCO Convention versus Existing International Law<\/strong><\/span><br \/>\nPublished (in English) in: The Protection of the Underwater Cultural Heritage, Giuffr\u00e8 2002, p.134-216<br \/>\n<div class=\"separator  normal center  \" style=\"margin-top:15px;margin-bottom:10px;\"><\/div>\n\n6) <span style=\"color: #333333;\"><strong>New Developments in the Law of the Sea : the UNESCO Convention on the Protection of Underwater Cultural Heritage<\/strong><\/span><br \/>\nPublished (in English) in: American Journal of International Law, 2002, p.419-434<\/p>\n<div class=\"separator  normal center  \" style=\"margin-top:15px;margin-bottom:10px;\"><\/div>\n\n5) <span style=\"color: #333333;\"><strong>The UNESCO Convention on the Protection of Underwater Cultural Heritage<\/strong><\/span><br \/>\nPublished (in Italian) in : Rivista di Diritto Internazionale, 2002, p.53-98<\/p>\n<div class=\"separator  normal center  \" style=\"margin-top:15px;margin-bottom:10px;\"><\/div>\n\n4) <span style=\"color: #333333;\"><strong>Armed Conflicts and International Return Claims of Cultural Property and Works of Art from the Beginning to the 1999 The Hague Second Protocol<\/strong><\/span><br \/>\nPublished (in Italian) in : Studi Senesi, 2001, p.327-405<\/p>\n<div class=\"separator  normal center  \" style=\"margin-top:15px;margin-bottom:10px;\"><\/div>\n\n3)&nbsp;<span style=\"color: #333333;\"><strong> The Duty to Return Cultural Property in the Event of Armed Conflict: Customary Law and Treaty Law Before and After the 1954 Hague Convention. The relevance of Time in the Treaty &#8211; Custom Relationships<\/strong><\/span><br \/>\nPublished (in French) in : Revue G\u00e9n\u00e9rale de Droit International Public, 2000,&nbsp;p.289-357<\/p>\n<div class=\"separator  normal center  \" style=\"margin-top:15px;margin-bottom:10px;\"><\/div>\n\n2)&nbsp; <span style=\"color: #333333;\"><strong>Internationally Mandatory Rules and Overriding Rules in Private International Law\/Conflict of Laws (Norme di applicazione necessaria)<\/strong><\/span><br \/>\nPublished (in Italian) in : Enciclopedia Giuridica Treccani (Italian Treccani Legal Encyclopaedia) 2000<br \/>\n<div class=\"separator  normal center  \" style=\"margin-top:15px;margin-bottom:10px;\"><\/div>\n\n1) <span style=\"color: #333333;\"><strong>Cultural Property and Works of Art in Public and Private International Law<\/strong><\/span><br \/>\nPublished (in Italian) in : Enciclopedia Giuridica Treccani (Italian Treccani Legal Encyclopaedia) 2000<br \/>\n<div class=\"separator  normal center  \" style=\"margin-top:15px;margin-bottom:10px;\"><\/div>\n<\/strong><\/strong><\/p>\n\n\n\n<div class=\"separator  normal center  \" style=\"\"><\/div>\n<div class=\"vc_empty_space\"  style=\"height: 140px\" ><span class=\"vc_empty_space_inner\"><\/span><\/div>\n\n\n","protected":false},"excerpt":{"rendered":"<p>Articles in Law Journals and Monographs (Chronological Order)<\/p>\n","protected":false},"author":1,"featured_media":0,"parent":0,"menu_order":0,"comment_status":"closed","ping_status":"closed","template":"","meta":[],"categories":[],"tags":[],"_links":{"self":[{"href":"https:\/\/carducciarbitration.com\/site\/01\/wp-json\/wp\/v2\/pages\/1844"}],"collection":[{"href":"https:\/\/carducciarbitration.com\/site\/01\/wp-json\/wp\/v2\/pages"}],"about":[{"href":"https:\/\/carducciarbitration.com\/site\/01\/wp-json\/wp\/v2\/types\/page"}],"author":[{"embeddable":true,"href":"https:\/\/carducciarbitration.com\/site\/01\/wp-json\/wp\/v2\/users\/1"}],"replies":[{"embeddable":true,"href":"https:\/\/carducciarbitration.com\/site\/01\/wp-json\/wp\/v2\/comments?post=1844"}],"version-history":[{"count":17,"href":"https:\/\/carducciarbitration.com\/site\/01\/wp-json\/wp\/v2\/pages\/1844\/revisions"}],"predecessor-version":[{"id":2124,"href":"https:\/\/carducciarbitration.com\/site\/01\/wp-json\/wp\/v2\/pages\/1844\/revisions\/2124"}],"wp:attachment":[{"href":"https:\/\/carducciarbitration.com\/site\/01\/wp-json\/wp\/v2\/media?parent=1844"}],"wp:term":[{"taxonomy":"category","embeddable":true,"href":"https:\/\/carducciarbitration.com\/site\/01\/wp-json\/wp\/v2\/categories?post=1844"},{"taxonomy":"post_tag","embeddable":true,"href":"https:\/\/carducciarbitration.com\/site\/01\/wp-json\/wp\/v2\/tags?post=1844"}],"curies":[{"name":"wp","href":"https:\/\/api.w.org\/{rel}","templated":true}]}}