{"id":137,"date":"2015-04-21T17:30:40","date_gmt":"2015-04-21T16:30:40","guid":{"rendered":"http:\/\/carducciarbitration.com\/site\/01\/?page_id=137"},"modified":"2022-02-22T19:06:54","modified_gmt":"2022-02-22T18:06:54","slug":"1-status-and-experience-in-france","status":"publish","type":"page","link":"https:\/\/carducciarbitration.com\/site\/01\/experiences\/academic-experience\/1-status-and-experience-in-france\/","title":{"rendered":"Status and Experience in France"},"content":{"rendered":"<div  class=\"vc_row wpb_row vc_row-fluid\" style=\"text-align:left;\">\n\t<div class=\"vc_col-sm-12 wpb_column vc_column_container \">\n\t\t<div class=\"wpb_wrapper\">\n\t\t\t\n\t<div class=\"wpb_text_column wpb_content_element \">\n\t\t<div class=\"wpb_wrapper\">\n\t\t\t<h2>Status and Experience in France<\/h2>\n\n\t\t<\/div> \n\t<\/div> <div class=\"vc_empty_space\"  style=\"height: 40px\" ><span class=\"vc_empty_space_inner\"><\/span><\/div>\n\n\n\t<div class=\"wpb_text_column wpb_content_element \">\n\t\t<div class=\"wpb_wrapper\">\n\t\t\t<h4>Law Professor in Paris since 1999 (<em>Ma\u00eetre de Conf\u00e9rences des Facult\u00e9s de droit <\/em>(\u00b9), University Paris Est)<\/h4>\n<p><span style=\"color: #333333;\"><span lang=\"en-GB\"><div class=\"separator  transparent center  \" style=\"margin-top:5px;margin-bottom:0px;\"><\/div>\n<\/span><\/span><\/p>\n<p>Promotion to the highest rank (<em>Hors classe<\/em>) by the <em>Conseil national des Universit\u00e9s<\/em><\/p>\n<p>Holder of the Post-Ph.D\u00a0 H.D.R. (<em>Habilitation \u00e0 diriger des recherches<\/em>)<\/p>\n<p><span style=\"color: #333333;\"><span lang=\"en-GB\"><div class=\"separator  transparent center  \" style=\"margin-top:15px;margin-bottom:5px;\"><\/div>\n<\/span><\/span><\/p>\n<p>Within the H.D.R.&#8217;s Jury the <em>Rapporteurs<\/em> were:<\/p>\n<p>&#8211; Paul Lagarde, Emeritus Professor, Universit\u00e9 de Paris I (Panth\u00e9on-Sorbonne), Director of the conflict of laws journal <em>Revue critique de droit international priv\u00e9<\/em><\/p>\n<p>&#8211; Philippe Jestaz, Emeritus Professor Universit\u00e9 Paris XII, Director of the private law journal\u00a0<em>Revue trimestrielle de droit civil<\/em><\/p>\n<p>&#8211; R\u00e9my Libchaber, Professor Universit\u00e9 de Paris I (Panth\u00e9on-Sorbonne)<\/p>\n<p><span style=\"color: #333333;\"><span lang=\"en-GB\"><div class=\"separator  transparent center  \" style=\"margin-top:5px;margin-bottom:5px;\"><\/div>\n<\/span><\/span><\/p>\n<p>2006-07 Professeur \u00e0 Sciences Po &#8211; Institut d\u2019Etudes Politiques, Paris<br \/>\n1997-1999 A.T.E.R., Law Faculty, University of Caen<br \/>\n1991-1997 Charg\u00e9 d&#8217;enseignement, Law Faculty, Universities Paris I Panth\u00e9on-Sorbonne and Paris II Panth\u00e9on-Assas<\/p>\n<p><span style=\"color: #333333;\"><span lang=\"en-GB\"><div class=\"separator  transparent center  \" style=\"margin-top:5px;margin-bottom:5px;\"><\/div>\n<\/span><\/span><\/p>\n<p><em>Soci\u00e9t\u00e9s savantes<\/em>: French Private International Law Committee, International Law Association (ILA), French Society for International Law, Soci\u00e9t\u00e9 de l\u00e9gislation compar\u00e9e, Association Henri Capitant<\/p>\n<p><span style=\"color: #333333;\"><span lang=\"en-GB\"><div class=\"separator  transparent center  \" style=\"margin-top:5px;margin-bottom:5px;\"><\/div>\n<\/span><\/span><\/p>\n<p>Speaker and conferences given in various Universities: Harvard, Chicago, George Washington, King&#8217;s College, etc.<\/p>\n\n\t\t<\/div> \n\t<\/div> <div class=\"separator  normal center  \" style=\"\"><\/div>\n\n\t<div class=\"wpb_text_column wpb_content_element \">\n\t\t<div class=\"wpb_wrapper\">\n\t\t\t<p style=\"text-align: justify;\"><span style=\"color: #999999;\">(\u00b9) MCF is <em>Ma\u00eetre de Conf\u00e9rences<\/em> (Law Professor), not <em>Agr\u00e9g\u00e9<\/em> (Full Professor of Law), (<em>des Facult\u00e9s de droit<\/em>) and these are the two University law professorship\/research (<em>enseignants-chercheurs titulaires<\/em>) tenured positions in France (<em>D\u00e9cret<\/em> n\u00b084-431 <em>du<\/em> 6<em> juin<\/em> 1984).<\/span><\/p>\n\n\t\t<\/div> \n\t<\/div> <div class=\"vc_empty_space\"  style=\"height: 140px\" ><span class=\"vc_empty_space_inner\"><\/span><\/div>\n\n\n\t\t<\/div> \n\t<\/div> \n<\/div>\n","protected":false},"excerpt":{"rendered":"Status and Experience in France Law Professor in Paris since 1999 (Ma\u00eetre de Conf\u00e9rences des Facult\u00e9s de droit (\u00b9), University Paris Est) Promotion to the highest rank (Hors classe) by the Conseil national des Universit\u00e9s Holder of the Post-Ph.D\u00a0 H.D.R. (Habilitation \u00e0 diriger des recherches)...","protected":false},"author":1,"featured_media":0,"parent":73,"menu_order":0,"comment_status":"closed","ping_status":"open","template":"","meta":[],"categories":[5],"tags":[],"_links":{"self":[{"href":"https:\/\/carducciarbitration.com\/site\/01\/wp-json\/wp\/v2\/pages\/137"}],"collection":[{"href":"https:\/\/carducciarbitration.com\/site\/01\/wp-json\/wp\/v2\/pages"}],"about":[{"href":"https:\/\/carducciarbitration.com\/site\/01\/wp-json\/wp\/v2\/types\/page"}],"author":[{"embeddable":true,"href":"https:\/\/carducciarbitration.com\/site\/01\/wp-json\/wp\/v2\/users\/1"}],"replies":[{"embeddable":true,"href":"https:\/\/carducciarbitration.com\/site\/01\/wp-json\/wp\/v2\/comments?post=137"}],"version-history":[{"count":26,"href":"https:\/\/carducciarbitration.com\/site\/01\/wp-json\/wp\/v2\/pages\/137\/revisions"}],"predecessor-version":[{"id":1563,"href":"https:\/\/carducciarbitration.com\/site\/01\/wp-json\/wp\/v2\/pages\/137\/revisions\/1563"}],"up":[{"embeddable":true,"href":"https:\/\/carducciarbitration.com\/site\/01\/wp-json\/wp\/v2\/pages\/73"}],"wp:attachment":[{"href":"https:\/\/carducciarbitration.com\/site\/01\/wp-json\/wp\/v2\/media?parent=137"}],"wp:term":[{"taxonomy":"category","embeddable":true,"href":"https:\/\/carducciarbitration.com\/site\/01\/wp-json\/wp\/v2\/categories?post=137"},{"taxonomy":"post_tag","embeddable":true,"href":"https:\/\/carducciarbitration.com\/site\/01\/wp-json\/wp\/v2\/tags?post=137"}],"curies":[{"name":"wp","href":"https:\/\/api.w.org\/{rel}","templated":true}]}}